{"id":381,"date":"2020-01-13T11:17:52","date_gmt":"2020-01-13T11:17:52","guid":{"rendered":"https:\/\/demosites.io\/web-agency-gb\/?page_id=5"},"modified":"2022-09-11T13:27:10","modified_gmt":"2022-09-11T11:27:10","slug":"15c42-web-agency-gb-home","status":"publish","type":"page","link":"https:\/\/www.design-concept.fr\/","title":{"rendered":"Accueil"},"content":{"rendered":"\t\t<div data-elementor-type=\"wp-page\" data-elementor-id=\"381\" class=\"elementor elementor-381\">\n\t\t\t\t\t\t\t\t\t<section class=\"elementor-section elementor-top-section elementor-element elementor-element-50dac013 elementor-section-boxed elementor-section-height-default elementor-section-height-default\" data-id=\"50dac013\" data-element_type=\"section\">\n\t\t\t\t\t\t<div class=\"elementor-container elementor-column-gap-default\">\n\t\t\t\t\t<div class=\"elementor-column elementor-col-100 elementor-top-column elementor-element elementor-element-7ca9b951\" data-id=\"7ca9b951\" data-element_type=\"column\">\n\t\t\t<div class=\"elementor-widget-wrap elementor-element-populated\">\n\t\t\t\t\t\t\t\t<div class=\"elementor-element elementor-element-183e17cd elementor-widget elementor-widget-text-editor\" data-id=\"183e17cd\" data-element_type=\"widget\" data-widget_type=\"text-editor.default\">\n\t\t\t\t<div class=\"elementor-widget-container\">\n\t\t\t<style>\/*! elementor - v3.8.1 - 13-11-2022 *\/\n.elementor-widget-text-editor.elementor-drop-cap-view-stacked .elementor-drop-cap{background-color:#818a91;color:#fff}.elementor-widget-text-editor.elementor-drop-cap-view-framed .elementor-drop-cap{color:#818a91;border:3px solid;background-color:transparent}.elementor-widget-text-editor:not(.elementor-drop-cap-view-default) .elementor-drop-cap{margin-top:8px}.elementor-widget-text-editor:not(.elementor-drop-cap-view-default) .elementor-drop-cap-letter{width:1em;height:1em}.elementor-widget-text-editor .elementor-drop-cap{float:left;text-align:center;line-height:1;font-size:50px}.elementor-widget-text-editor .elementor-drop-cap-letter{display:inline-block}<\/style>\t\t\t\t<p><!-- wp:cover {\"url\":\"https:\/\/www.design-concept.fr\/wp-content\/uploads\/2022\/09\/Salon-JTati.jpg\",\"id\":478,\"dimRatio\":0,\"overlayColor\":\"nv-text-dark-bg\",\"focalPoint\":{\"x\":\"0.77\",\"y\":\"0.56\"},\"minHeight\":700,\"minHeightUnit\":\"px\",\"align\":\"full\"} --><\/p>\n<div class=\"wp-block-cover alignfull has-nv-text-dark-bg-background-color\" style=\"min-height: 700px;\">\n<p><img decoding=\"async\" class=\"wp-block-cover__image-background wp-image-478\" style=\"object-position: 77% 56%;\" src=\"https:\/\/www.design-concept.fr\/wp-content\/uploads\/2022\/09\/Salon-JTati.jpg\" alt=\"\" data-object-fit=\"cover\" data-object-position=\"77% 56%\"><\/p>\n<div class=\"wp-block-cover__inner-container\">\n<p><!-- wp:heading {\"textAlign\":\"center\",\"level\":1,\"style\":{\"color\":{\"text\":\"#121212\"}}} --><\/p>\n<h1 class=\"has-text-align-center has-text-color\" style=\"color: #121212;\"><span class=\"has-inline-color has-nv-site-bg-color\">Cr\u00e9ons ensemble des int\u00e9rieurs qui vous ressemblent<\/span><\/h1>\n<p><!-- \/wp:heading --><\/p>\n<p><!-- wp:buttons {\"contentJustification\":\"center\"} --><\/p>\n<div class=\"wp-block-buttons is-content-justification-center\">\n<p><!-- wp:button {\"className\":\"is-style-primary\"} --><\/p>\n<div class=\"wp-block-button is-style-primary\"><a class=\"wp-block-button__link\" href=\"https:\/\/www.design-concept.fr\/index.php\/amenagements\/\">En savoir Plus<\/a><\/div>\n<p><!-- \/wp:button --><\/p>\n<p><!-- wp:button {\"className\":\"is-style-secondary\"} --><\/p>\n<div class=\"wp-block-button is-style-secondary\"><a class=\"wp-block-button__link\" href=\"https:\/\/www.design-concept.fr\/index.php\/contact\/\">Contact<\/a><\/div>\n<p><!-- \/wp:button --><\/p>\n<\/div>\n<p><!-- \/wp:buttons --><\/p>\n<p><!-- wp:spacer {\"height\":80} --><\/p>\n<p><!-- \/wp:spacer --><\/p>\n<p><!-- wp:spacer {\"height\":80} --><\/p>\n<\/div>\n<\/div>\n<div class=\"wp-block-cover alignfull has-nv-light-bg-background-color has-background-dim\" style=\"min-height: 600px;\">\n<div class=\"wp-block-cover__inner-container\">\n<div class=\"wp-block-group\">\n<div class=\"wp-block-group__inner-container\">\n<div class=\"wp-block-columns are-vertically-aligned-center\">\n<div class=\"wp-block-column is-vertically-aligned-center\" style=\"flex-basis: 50%;\">\n<figure class=\"wp-block-image size-large is-resized is-style-rounded\"><img decoding=\"async\" class=\"wp-image-188 alignleft\" src=\"https:\/\/www.design-concept.fr\/wp-content\/uploads\/2022\/09\/mezzanine-01.jpg\" alt=\"\" width=\"521\" height=\"391\"><\/figure>\n<p><!-- \/wp:image --><\/p>\n<\/div>\n<p><!-- \/wp:column --><\/p>\n<p><!-- wp:column {\"verticalAlignment\":\"center\",\"width\":\"50%\"} --><\/p>\n<div class=\"wp-block-column is-vertically-aligned-center\" style=\"flex-basis: 50%;\">\n<p><!-- wp:spacer {\"height\":20} --><\/p>\n<div class=\"wp-block-spacer\" style=\"height: 20px;\" aria-hidden=\"true\">&nbsp;<\/div>\n<p><!-- \/wp:spacer --><\/p>\n<p><!-- wp:heading {\"textAlign\":\"left\",\"textColor\":\"neve-text-color\"} --><\/p>\n<h2 class=\"has-text-align-left has-neve-text-color-color has-text-color\">Design &amp; Architecture<\/h2>\n<p><!-- \/wp:heading --><\/p>\n<p><!-- wp:paragraph {\"align\":\"left\",\"style\":{\"typography\":{\"fontSize\":17}},\"textColor\":\"neve-text-color\"} --><\/p>\n<p class=\"has-text-align-left has-neve-text-color-color has-text-color\" style=\"font-size: 17px;\">A votre \u00e9coute pour imaginer les plans et les int\u00e9rieurs qui vous ressemblent. Du simple conseil jusqu&#8217;\u00e0 la visualisation 3D de vos projets, nous vous proposons des services autour de l&#8217;am\u00e9nagement et de la d\u00e9coration d\u2019int\u00e9rieur.&nbsp;<\/p>\n<p class=\"has-text-align-left has-neve-text-color-color has-text-color\" style=\"font-size: 17px;\">Nous sommes expert dans les cr\u00e9ations graphiques et design 3D et la conception de meubles sur mesures. Vous pourrez ainsi vous projeter dans vos futurs projets ou faciliter une future vente.<\/p>\n<p><!-- \/wp:paragraph --><\/p>\n<p><!-- wp:buttons {\"contentJustification\":\"left\"} --><\/p>\n<div class=\"wp-block-buttons is-content-justification-left\">\n<p><!-- wp:button {\"className\":\"is-style-primary\"} --><\/p>\n<div class=\"wp-block-button is-style-primary\"><a class=\"wp-block-button__link\" href=\"https:\/\/www.design-concept.fr\/index.php\/amenagements\/\">En Savoir Plus<\/a><\/div>\n<p><!-- \/wp:button --><\/p>\n<\/div>\n<p><!-- \/wp:buttons --><\/p>\n<\/div>\n<p><!-- \/wp:column --><\/p>\n<\/div>\n<p><!-- \/wp:columns --><\/p>\n<\/div>\n<\/div>\n<p><!-- \/wp:group --><\/p>\n<\/div>\n<\/div>\n<p><!-- \/wp:cover --><\/p>\n<p><!-- wp:cover {\"overlayColor\":\"nv-site-bg\",\"minHeight\":600,\"align\":\"full\"} --><\/p>\n<div class=\"wp-block-cover alignfull has-nv-site-bg-background-color has-background-dim\" style=\"min-height: 600px;\">\n<div class=\"wp-block-cover__inner-container\">\n<p><!-- wp:group --><\/p>\n<div class=\"wp-block-group\">\n<div class=\"wp-block-group__inner-container\">\n<p><!-- wp:columns {\"verticalAlignment\":\"center\"} --><\/p>\n<div class=\"wp-block-columns are-vertically-aligned-center\">\n<p><!-- wp:column {\"verticalAlignment\":\"center\",\"width\":\"50%\"} --><\/p>\n<div class=\"wp-block-column is-vertically-aligned-center\" style=\"flex-basis: 50%;\">\n<p><!-- wp:heading {\"textAlign\":\"left\",\"textColor\":\"neve-text-color\"} --><\/p>\n<h2 class=\"has-text-align-left has-neve-text-color-color has-text-color\">Cr\u00e9ations Graphiques<\/h2>\n<p><!-- \/wp:heading --><\/p>\n<p><!-- wp:paragraph {\"align\":\"left\",\"style\":{\"typography\":{\"fontSize\":17}},\"textColor\":\"neve-text-color\"} --><\/p>\n<p class=\"has-text-align-left has-neve-text-color-color has-text-color\" style=\"font-size: 17px;\">De la cr\u00e9ation d&#8217;identit\u00e9 visuelle pour votre entreprise, au design de campagnes publicitaires pour booster vos ventes ou promouvoir vos activit\u00e9s, d\u00e9couvrez nos services .<\/p>\n<p><!-- \/wp:paragraph --><\/p>\n<p><!-- wp:buttons {\"contentJustification\":\"left\"} --><\/p>\n<div class=\"wp-block-buttons is-content-justification-left\">\n<p><!-- wp:button {\"className\":\"is-style-primary\"} --><\/p>\n<div class=\"wp-block-button is-style-primary\"><a class=\"wp-block-button__link\" href=\"https:\/\/www.design-concept.fr\/index.php\/creations\/\">En Savoir PLUS<\/a><\/div>\n<p><!-- \/wp:button --><\/p>\n<\/div>\n<p><!-- \/wp:buttons --><\/p>\n<p><!-- wp:spacer {\"height\":40} --><\/p>\n<div class=\"wp-block-spacer\" style=\"height: 40px;\" aria-hidden=\"true\">&nbsp;<\/div>\n<p><!-- \/wp:spacer --><\/p>\n<\/div>\n<p><!-- \/wp:column --><\/p>\n<p><!-- wp:column {\"verticalAlignment\":\"center\",\"width\":\"50%\"} --><\/p>\n<div class=\"wp-block-column is-vertically-aligned-center\" style=\"flex-basis: 50%;\">\n<p><!-- wp:image {\"id\":40,\"width\":417,\"height\":417,\"sizeSlug\":\"large\",\"className\":\"is-style-rounded\"} --><\/p>\n<figure class=\"wp-block-image size-large is-resized is-style-rounded\"><img decoding=\"async\" class=\"wp-image-40\" src=\"https:\/\/www.design-concept.fr\/wp-content\/uploads\/2020\/01\/neve-web-design-bg-13.jpg\" alt=\"\" width=\"417\" height=\"417\"><\/figure>\n<p><!-- \/wp:image --><\/p>\n<\/div>\n<p><!-- \/wp:column --><\/p>\n<\/div>\n<p><!-- \/wp:columns --><\/p>\n<\/div>\n<\/div>\n<p><!-- \/wp:group --><\/p>\n<\/div>\n<\/div>\n<p><!-- \/wp:cover --><\/p>\n<p><!-- wp:cover {\"overlayColor\":\"nv-dark-bg\",\"minHeight\":766,\"minHeightUnit\":\"px\",\"align\":\"full\"} --><\/p>\n<div class=\"wp-block-cover alignfull has-nv-dark-bg-background-color has-background-dim\" style=\"min-height: 766px;\">\n<div class=\"wp-block-cover__inner-container\">\n<p><!-- wp:group --><\/p>\n<div class=\"wp-block-group\">\n<div class=\"wp-block-group__inner-container\">\n<p><!-- wp:columns {\"verticalAlignment\":\"center\"} --><\/p>\n<div class=\"wp-block-columns are-vertically-aligned-center\">\n<p><!-- wp:column {\"verticalAlignment\":\"center\",\"width\":\"50%\"} --><\/p>\n<div class=\"wp-block-column is-vertically-aligned-center\" style=\"flex-basis: 50%;\">\n<p><!-- wp:image {\"align\":\"right\",\"id\":35,\"width\":446,\"height\":446,\"sizeSlug\":\"large\",\"className\":\"is-style-rounded\"} --><\/p>\n<div class=\"wp-block-image is-style-rounded\">\n<figure class=\"alignright size-large is-resized\"><img decoding=\"async\" class=\"wp-image-35\" src=\"https:\/\/www.design-concept.fr\/wp-content\/uploads\/2020\/01\/neve-web-design-bg-08.jpg\" alt=\"\" width=\"446\" height=\"446\"><\/figure>\n<\/div>\n<p><!-- \/wp:image --><\/p>\n<\/div>\n<p><!-- \/wp:column --><\/p>\n<p><!-- wp:column {\"verticalAlignment\":\"center\",\"width\":\"50%\"} --><\/p>\n<div class=\"wp-block-column is-vertically-aligned-center\" style=\"flex-basis: 50%;\">\n<p><!-- wp:spacer {\"height\":40} --><\/p>\n<div class=\"wp-block-spacer\" style=\"height: 40px;\" aria-hidden=\"true\">&nbsp;<\/div>\n<p><!-- \/wp:spacer --><\/p>\n<p><!-- wp:heading {\"textAlign\":\"left\",\"textColor\":\"nv-text-dark-bg\"} --><\/p>\n<h2 class=\"has-text-align-left has-nv-text-dark-bg-color has-text-color\">Autres activit\u00e9s<\/h2>\n<p><!-- \/wp:heading --><\/p>\n<p><!-- wp:paragraph {\"align\":\"left\",\"style\":{\"typography\":{\"fontSize\":17}},\"textColor\":\"nv-text-dark-bg\"} --><\/p>\n<p class=\"has-text-align-left has-nv-text-dark-bg-color has-text-color\" style=\"font-size: 17px;\">Fort de notre parcours et de nos exp\u00e9riences, nous vous proposons aussi notre expertise autour des nouvelles technologies.<\/p>\n<p><!-- \/wp:paragraph --><\/p>\n<p><!-- wp:buttons {\"contentJustification\":\"left\"} --><\/p>\n<div class=\"wp-block-buttons is-content-justification-left\">\n<p><!-- wp:button {\"className\":\"is-style-primary\"} --><\/p>\n<div class=\"wp-block-button is-style-primary\"><a class=\"wp-block-button__link\" href=\"https:\/\/www.design-concept.fr\/index.php\/contact\/\">En savoir plus<\/a><\/div>\n<p><!-- \/wp:button --><\/p>\n<\/div>\n<p><!-- \/wp:buttons --><\/p>\n<p><!-- wp:paragraph --><\/p>\n<p><!-- \/wp:paragraph --><\/p>\n<\/div>\n<p><!-- \/wp:column --><\/p>\n<\/div>\n<p><!-- \/wp:columns --><\/p>\n<\/div>\n<\/div>\n<p><!-- \/wp:group --><\/p>\n<p><!-- wp:paragraph --><\/p>\n<p><!-- \/wp:paragraph --><\/p>\n<\/div>\n<\/div>\n<p><!-- \/wp:cover --><\/p>\t\t\t\t\t\t<\/div>\n\t\t\t\t<\/div>\n\t\t\t\t\t<\/div>\n\t\t<\/div>\n\t\t\t\t\t\t\t<\/div>\n\t\t<\/section>\n\t\t\t\t\t\t\t<\/div>\n\t\t","protected":false},"excerpt":{"rendered":"<p>Design &amp; Architecture A votre \u00e9coute pour imaginer les plans et les int\u00e9rieurs qui vous ressemblent. Du simple conseil jusqu&#8217;\u00e0 la visualisation 3D de vos projets, nous vous proposons des services autour de l&#8217;am\u00e9nagement et de la d\u00e9coration d\u2019int\u00e9rieur.&nbsp; Nous sommes expert dans les cr\u00e9ations graphiques et design 3D et la conception de meubles sur&hellip;&nbsp;<a href=\"https:\/\/www.design-concept.fr\/\" class=\"\" rel=\"bookmark\">Lire la suite &raquo;<span class=\"screen-reader-text\">Accueil<\/span><\/a><\/p>\n","protected":false},"author":1,"featured_media":0,"parent":0,"menu_order":0,"comment_status":"closed","ping_status":"closed","template":"","meta":{"neve_meta_sidebar":"default","neve_meta_container":"default","neve_meta_enable_content_width":"on","neve_meta_content_width":100,"neve_meta_title_alignment":"","neve_meta_author_avatar":"","neve_post_elements_order":"","neve_meta_disable_header":"","neve_meta_disable_footer":"","neve_meta_disable_title":"on","_ti_tpc_template_sync":false,"_ti_tpc_template_id":"cwhkd9lki581rusuhjti","footnotes":""},"yoast_head":"<!-- This site is optimized with the Yoast SEO plugin v22.1 - https:\/\/yoast.com\/wordpress\/plugins\/seo\/ -->\n<title>Design Concept - Am\u00e9nagement d&#039;int\u00e9rieur et cr\u00e9ations graphiques<\/title>\n<meta name=\"description\" content=\"Design concept vous propose des services autour de l&#039;am\u00e9nagement et d\u00e9coration d&#039;int\u00e9rieur 3D et de la conception graphique\" \/>\n<meta name=\"robots\" content=\"index, follow, max-snippet:-1, max-image-preview:large, max-video-preview:-1\" \/>\n<link rel=\"canonical\" href=\"https:\/\/www.design-concept.fr\/\" \/>\n<meta property=\"og:locale\" content=\"fr_FR\" \/>\n<meta property=\"og:type\" content=\"article\" \/>\n<meta property=\"og:title\" content=\"Design Concept - Am\u00e9nagement d&#039;int\u00e9rieur et cr\u00e9ations graphiques\" \/>\n<meta property=\"og:description\" content=\"Design concept vous propose des services autour de l&#039;am\u00e9nagement et d\u00e9coration d&#039;int\u00e9rieur 3D et de la conception graphique\" \/>\n<meta property=\"og:url\" content=\"https:\/\/www.design-concept.fr\/\" \/>\n<meta property=\"og:site_name\" content=\"Design Concept\" \/>\n<meta property=\"article:modified_time\" content=\"2022-09-11T11:27:10+00:00\" \/>\n<meta property=\"og:image\" content=\"https:\/\/www.design-concept.fr\/wp-content\/uploads\/2022\/09\/Salon-JTati.jpg\" \/>\n<meta name=\"twitter:card\" content=\"summary_large_image\" \/>\n<meta name=\"twitter:label1\" content=\"Dur\u00e9e de lecture estim\u00e9e\" \/>\n\t<meta name=\"twitter:data1\" content=\"2 minutes\" \/>\n<script type=\"application\/ld+json\" class=\"yoast-schema-graph\">{\"@context\":\"https:\/\/schema.org\",\"@graph\":[{\"@type\":\"WebPage\",\"@id\":\"https:\/\/www.design-concept.fr\/\",\"url\":\"https:\/\/www.design-concept.fr\/\",\"name\":\"Design Concept - Am\u00e9nagement d&#039;int\u00e9rieur et cr\u00e9ations graphiques\",\"isPartOf\":{\"@id\":\"https:\/\/www.design-concept.fr\/#website\"},\"datePublished\":\"2020-01-13T11:17:52+00:00\",\"dateModified\":\"2022-09-11T11:27:10+00:00\",\"description\":\"Design concept vous propose des services autour de l'am\u00e9nagement et d\u00e9coration d'int\u00e9rieur 3D et de la conception graphique\",\"breadcrumb\":{\"@id\":\"https:\/\/www.design-concept.fr\/#breadcrumb\"},\"inLanguage\":\"fr-FR\",\"potentialAction\":[{\"@type\":\"ReadAction\",\"target\":[\"https:\/\/www.design-concept.fr\/\"]}]},{\"@type\":\"BreadcrumbList\",\"@id\":\"https:\/\/www.design-concept.fr\/#breadcrumb\",\"itemListElement\":[{\"@type\":\"ListItem\",\"position\":1,\"name\":\"Accueil\",\"item\":\"https:\/\/www.design-concept.fr\/\"},{\"@type\":\"ListItem\",\"position\":2,\"name\":\"Accueil\"}]},{\"@type\":\"WebSite\",\"@id\":\"https:\/\/www.design-concept.fr\/#website\",\"url\":\"https:\/\/www.design-concept.fr\/\",\"name\":\"Design Concept\",\"description\":\"Am\u00e9nagement d&#039;int\u00e9rieur et cr\u00e9ations graphiques\",\"publisher\":{\"@id\":\"https:\/\/www.design-concept.fr\/#organization\"},\"potentialAction\":[{\"@type\":\"SearchAction\",\"target\":{\"@type\":\"EntryPoint\",\"urlTemplate\":\"https:\/\/www.design-concept.fr\/?s={search_term_string}\"},\"query-input\":\"required name=search_term_string\"}],\"inLanguage\":\"fr-FR\"},{\"@type\":\"Organization\",\"@id\":\"https:\/\/www.design-concept.fr\/#organization\",\"name\":\"Design Concept\",\"url\":\"https:\/\/www.design-concept.fr\/\",\"logo\":{\"@type\":\"ImageObject\",\"inLanguage\":\"fr-FR\",\"@id\":\"https:\/\/www.design-concept.fr\/#\/schema\/logo\/image\/\",\"url\":\"https:\/\/www.design-concept.fr\/wp-content\/uploads\/2021\/04\/cropped-logo-2.gif\",\"contentUrl\":\"https:\/\/www.design-concept.fr\/wp-content\/uploads\/2021\/04\/cropped-logo-2.gif\",\"width\":175,\"height\":61,\"caption\":\"Design Concept\"},\"image\":{\"@id\":\"https:\/\/www.design-concept.fr\/#\/schema\/logo\/image\/\"},\"sameAs\":[\"https:\/\/www.instagram.com\/design.concept.aurelie\/?hl=fr\"]}]}<\/script>\n<!-- \/ Yoast SEO plugin. -->","yoast_head_json":{"title":"Design Concept - Am\u00e9nagement d&#039;int\u00e9rieur et cr\u00e9ations graphiques","description":"Design concept vous propose des services autour de l'am\u00e9nagement et d\u00e9coration d'int\u00e9rieur 3D et de la conception graphique","robots":{"index":"index","follow":"follow","max-snippet":"max-snippet:-1","max-image-preview":"max-image-preview:large","max-video-preview":"max-video-preview:-1"},"canonical":"https:\/\/www.design-concept.fr\/","og_locale":"fr_FR","og_type":"article","og_title":"Design Concept - Am\u00e9nagement d&#039;int\u00e9rieur et cr\u00e9ations graphiques","og_description":"Design concept vous propose des services autour de l'am\u00e9nagement et d\u00e9coration d'int\u00e9rieur 3D et de la conception graphique","og_url":"https:\/\/www.design-concept.fr\/","og_site_name":"Design Concept","article_modified_time":"2022-09-11T11:27:10+00:00","og_image":[{"url":"https:\/\/www.design-concept.fr\/wp-content\/uploads\/2022\/09\/Salon-JTati.jpg"}],"twitter_card":"summary_large_image","twitter_misc":{"Dur\u00e9e de lecture estim\u00e9e":"2 minutes"},"schema":{"@context":"https:\/\/schema.org","@graph":[{"@type":"WebPage","@id":"https:\/\/www.design-concept.fr\/","url":"https:\/\/www.design-concept.fr\/","name":"Design Concept - Am\u00e9nagement d&#039;int\u00e9rieur et cr\u00e9ations graphiques","isPartOf":{"@id":"https:\/\/www.design-concept.fr\/#website"},"datePublished":"2020-01-13T11:17:52+00:00","dateModified":"2022-09-11T11:27:10+00:00","description":"Design concept vous propose des services autour de l'am\u00e9nagement et d\u00e9coration d'int\u00e9rieur 3D et de la conception graphique","breadcrumb":{"@id":"https:\/\/www.design-concept.fr\/#breadcrumb"},"inLanguage":"fr-FR","potentialAction":[{"@type":"ReadAction","target":["https:\/\/www.design-concept.fr\/"]}]},{"@type":"BreadcrumbList","@id":"https:\/\/www.design-concept.fr\/#breadcrumb","itemListElement":[{"@type":"ListItem","position":1,"name":"Accueil","item":"https:\/\/www.design-concept.fr\/"},{"@type":"ListItem","position":2,"name":"Accueil"}]},{"@type":"WebSite","@id":"https:\/\/www.design-concept.fr\/#website","url":"https:\/\/www.design-concept.fr\/","name":"Design Concept","description":"Am\u00e9nagement d&#039;int\u00e9rieur et cr\u00e9ations graphiques","publisher":{"@id":"https:\/\/www.design-concept.fr\/#organization"},"potentialAction":[{"@type":"SearchAction","target":{"@type":"EntryPoint","urlTemplate":"https:\/\/www.design-concept.fr\/?s={search_term_string}"},"query-input":"required name=search_term_string"}],"inLanguage":"fr-FR"},{"@type":"Organization","@id":"https:\/\/www.design-concept.fr\/#organization","name":"Design Concept","url":"https:\/\/www.design-concept.fr\/","logo":{"@type":"ImageObject","inLanguage":"fr-FR","@id":"https:\/\/www.design-concept.fr\/#\/schema\/logo\/image\/","url":"https:\/\/www.design-concept.fr\/wp-content\/uploads\/2021\/04\/cropped-logo-2.gif","contentUrl":"https:\/\/www.design-concept.fr\/wp-content\/uploads\/2021\/04\/cropped-logo-2.gif","width":175,"height":61,"caption":"Design Concept"},"image":{"@id":"https:\/\/www.design-concept.fr\/#\/schema\/logo\/image\/"},"sameAs":["https:\/\/www.instagram.com\/design.concept.aurelie\/?hl=fr"]}]}},"_links":{"self":[{"href":"https:\/\/www.design-concept.fr\/index.php\/wp-json\/wp\/v2\/pages\/381"}],"collection":[{"href":"https:\/\/www.design-concept.fr\/index.php\/wp-json\/wp\/v2\/pages"}],"about":[{"href":"https:\/\/www.design-concept.fr\/index.php\/wp-json\/wp\/v2\/types\/page"}],"author":[{"embeddable":true,"href":"https:\/\/www.design-concept.fr\/index.php\/wp-json\/wp\/v2\/users\/1"}],"replies":[{"embeddable":true,"href":"https:\/\/www.design-concept.fr\/index.php\/wp-json\/wp\/v2\/comments?post=381"}],"version-history":[{"count":39,"href":"https:\/\/www.design-concept.fr\/index.php\/wp-json\/wp\/v2\/pages\/381\/revisions"}],"predecessor-version":[{"id":775,"href":"https:\/\/www.design-concept.fr\/index.php\/wp-json\/wp\/v2\/pages\/381\/revisions\/775"}],"wp:attachment":[{"href":"https:\/\/www.design-concept.fr\/index.php\/wp-json\/wp\/v2\/media?parent=381"}],"curies":[{"name":"wp","href":"https:\/\/api.w.org\/{rel}","templated":true}]}}